{"id":29,"date":"2017-03-24T01:39:12","date_gmt":"2017-03-24T01:39:12","guid":{"rendered":"http:\/\/td_uid_1_58d478c035b4c"},"modified":"2018-10-26T23:53:06","modified_gmt":"2018-10-27T02:53:06","slug":"contact","status":"publish","type":"page","link":"https:\/\/argentinatermal.com.ar\/?page_id=29","title":{"rendered":"Contacto"},"content":{"rendered":"<p>[vc_row][vc_column width=\u00bb2\/3&#8243;][vc_column_text]Rolando Sanchez[\/vc_column_text][vc_row_inner][vc_column_inner width=\u00bb1\/2&#8243;]<div class=\"td_block_wrap td_block_text_with_title td_uid_1_69f8f155a2c71_rand td-pb-border-top td_block_template_1\"  data-td-block-uid=\"td_uid_1_69f8f155a2c71\" ><h4 class=\"block-title\"><span class=\"td-pulldown-size\">Detalles de contacto<\/span><\/h4><div class=\"td_mod_wrap\"><br \/>\nDean Funes 400 Salta &#8211; Argentina<\/p>\n<p>(+054) 3874193270 (n\u00famero principal)<\/p>\n<p>Email: argentinatermal@gmail.com<\/div><\/div>[\/vc_column_inner][vc_column_inner width=\u00bb1\/2&#8243;]<div class=\"td_block_wrap td_block_text_with_title td_uid_2_69f8f155a2ddf_rand td-pb-border-top td_block_template_1\"  data-td-block-uid=\"td_uid_2_69f8f155a2ddf\" ><h4 class=\"block-title\"><span class=\"td-pulldown-size\">Sobre nosotros<\/span><\/h4><div class=\"td_mod_wrap\"><\/div><\/div>[\/vc_column_inner][\/vc_row_inner][vc_row_inner][vc_column_inner][contact-form-7 id=\u00bb2153&#8243;][vc_raw_html]JTNDaDQlMjBjbGFzcyUzRCUyMmJsb2NrLXRpdGxlJTIyJTNFJTNDc3BhbiUzRVNlbmQlMjB1cyUyMGElMjBtZXNzYWdlJTIxJTNDJTJGc3BhbiUzRSUzQyUyRmg0JTNF[\/vc_raw_html][\/vc_column_inner][\/vc_row_inner][vc_row_inner][vc_column_inner][vc_column_text][\/vc_column_text][\/vc_column_inner][\/vc_row_inner][\/vc_column][vc_column width=\u00bb1\/3&#8243;]<div class=\"td_block_wrap td_block_2 td_uid_3_69f8f155a31c8_rand td-pb-border-top td_block_template_1\"  data-td-block-uid=\"td_uid_3_69f8f155a31c8\" ><script>var block_td_uid_3_69f8f155a31c8 = new tdBlock();\nblock_td_uid_3_69f8f155a31c8.id = \"td_uid_3_69f8f155a31c8\";\nblock_td_uid_3_69f8f155a31c8.atts = '{\"limit\":\"3\",\"sort\":\"\",\"post_ids\":\"\",\"tag_slug\":\"\",\"autors_id\":\"\",\"installed_post_types\":\"\",\"category_id\":\"\",\"category_ids\":\"\",\"custom_title\":\"\\u00daLTIMAS PUBLICACIONES\",\"custom_url\":\"\",\"show_child_cat\":\"\",\"sub_cat_ajax\":\"\",\"ajax_pagination\":\"\",\"header_color\":\"\",\"header_text_color\":\"\",\"ajax_pagination_infinite_stop\":\"\",\"td_column_number\":1,\"td_ajax_preloading\":\"\",\"td_ajax_filter_type\":\"\",\"td_ajax_filter_ids\":\"\",\"td_filter_default_txt\":\"Todo\",\"color_preset\":\"\",\"border_top\":\"\",\"class\":\"td_uid_3_69f8f155a31c8_rand\",\"el_class\":\"\",\"offset\":\"\",\"css\":\"\",\"tdc_css\":\"\",\"tdc_css_class\":\"td_uid_3_69f8f155a31c8_rand\",\"live_filter\":\"\",\"live_filter_cur_post_id\":\"\",\"live_filter_cur_post_author\":\"\",\"block_template_id\":\"\"}';\nblock_td_uid_3_69f8f155a31c8.td_column_number = \"1\";\nblock_td_uid_3_69f8f155a31c8.block_type = \"td_block_2\";\nblock_td_uid_3_69f8f155a31c8.post_count = \"3\";\nblock_td_uid_3_69f8f155a31c8.found_posts = \"1858\";\nblock_td_uid_3_69f8f155a31c8.header_color = \"\";\nblock_td_uid_3_69f8f155a31c8.ajax_pagination_infinite_stop = \"\";\nblock_td_uid_3_69f8f155a31c8.max_num_pages = \"620\";\ntdBlocksArray.push(block_td_uid_3_69f8f155a31c8);\n<\/script><div class=\"td-block-title-wrap\"><h4 class=\"block-title\"><span class=\"td-pulldown-size\">\u00daLTIMAS PUBLICACIONES<\/span><\/h4><\/div><div id=td_uid_3_69f8f155a31c8 class=\"td_block_inner\">\n\n\t<div class=\"td-block-span12\">\n\n        <div class=\"td_module_2 td_module_wrap td-animation-stack\">\n            <div class=\"td-module-image\">\n                <div class=\"td-module-thumb\"><a href=\"https:\/\/argentinatermal.com.ar\/?p=19864\" rel=\"bookmark\" title=\"Tierra de Palmares llev\u00f3 su propuesta tur\u00edstica de oto\u00f1o a la Casa de Entre R\u00edos en Buenos Aires\"><img decoding=\"async\" width=\"324\" height=\"160\" class=\"entry-thumb\" src=\"https:\/\/argentinatermal.com.ar\/wp-content\/uploads\/2026\/04\/Captura-de-pantalla_30-4-2026_81419_www.entrerios.tur_.ar_-324x160.jpeg\" srcset=\"https:\/\/argentinatermal.com.ar\/wp-content\/uploads\/2026\/04\/Captura-de-pantalla_30-4-2026_81419_www.entrerios.tur_.ar_-324x160.jpeg 324w, https:\/\/argentinatermal.com.ar\/wp-content\/uploads\/2026\/04\/Captura-de-pantalla_30-4-2026_81419_www.entrerios.tur_.ar_-533x261.jpeg 533w\" sizes=\"(max-width: 324px) 100vw, 324px\" alt=\"\" title=\"Tierra de Palmares llev\u00f3 su propuesta tur\u00edstica de oto\u00f1o a la Casa de Entre R\u00edos en Buenos Aires\"\/><\/a><\/div>                <a href=\"https:\/\/argentinatermal.com.ar\/?cat=26\" class=\"td-post-category\">Promociones audiovisual<\/a>            <\/div>\n            <h3 class=\"entry-title td-module-title\"><a href=\"https:\/\/argentinatermal.com.ar\/?p=19864\" rel=\"bookmark\" title=\"Tierra de Palmares llev\u00f3 su propuesta tur\u00edstica de oto\u00f1o a la Casa de Entre R\u00edos en Buenos Aires\">Tierra de Palmares llev\u00f3 su propuesta tur\u00edstica de oto\u00f1o a la...<\/a><\/h3>\n\n            <div class=\"td-module-meta-info\">\n                <span class=\"td-post-author-name\"><a href=\"https:\/\/argentinatermal.com.ar\/?author=1\">Rolando Sanchez<\/a> <span>-<\/span> <\/span>                <span class=\"td-post-date\"><time class=\"entry-date updated td-module-date\" datetime=\"2026-04-30T08:19:28+00:00\" >30 de abril de 2026<\/time><\/span>                <div class=\"td-module-comments\"><a href=\"https:\/\/argentinatermal.com.ar\/?p=19864#respond\">0<\/a><\/div>            <\/div>\n\n\n            <div class=\"td-excerpt\">\n                \nCon foco en el Pasaporte Termal y una agenda de eventos, la microrregi\u00f3n present\u00f3 su oferta ante operadores y medios en...            <\/div>\n\n            \n        <\/div>\n\n        \n\t<\/div> <!-- .\/td-block-span12 -->\n\n\t<div class=\"td-block-span12\">\n\n        <div class=\"td_module_6 td_module_wrap td-animation-stack\">\n\n        <div class=\"td-module-thumb\"><a href=\"https:\/\/argentinatermal.com.ar\/?p=19859\" rel=\"bookmark\" title=\"\u00bfCu\u00e1l es la t\u00e9cnica de liberaci\u00f3n emocional y c\u00f3mo ayuda cuando el estr\u00e9s se apodera del cuerpo?\"><img decoding=\"async\" width=\"100\" height=\"70\" class=\"entry-thumb\" src=\"https:\/\/argentinatermal.com.ar\/wp-content\/uploads\/2026\/04\/eft-tapkanje-1536x1024-1-100x70.jpg\" srcset=\"https:\/\/argentinatermal.com.ar\/wp-content\/uploads\/2026\/04\/eft-tapkanje-1536x1024-1-100x70.jpg 100w, https:\/\/argentinatermal.com.ar\/wp-content\/uploads\/2026\/04\/eft-tapkanje-1536x1024-1-218x150.jpg 218w\" sizes=\"(max-width: 100px) 100vw, 100px\" alt=\"\" title=\"\u00bfCu\u00e1l es la t\u00e9cnica de liberaci\u00f3n emocional y c\u00f3mo ayuda cuando el estr\u00e9s se apodera del cuerpo?\"\/><\/a><\/div>\n        <div class=\"item-details\">\n            <h3 class=\"entry-title td-module-title\"><a href=\"https:\/\/argentinatermal.com.ar\/?p=19859\" rel=\"bookmark\" title=\"\u00bfCu\u00e1l es la t\u00e9cnica de liberaci\u00f3n emocional y c\u00f3mo ayuda cuando el estr\u00e9s se apodera del cuerpo?\">\u00bfCu\u00e1l es la t\u00e9cnica de liberaci\u00f3n emocional y c\u00f3mo ayuda cuando...<\/a><\/h3>            <div class=\"td-module-meta-info\">\n                <a href=\"https:\/\/argentinatermal.com.ar\/?cat=29\" class=\"td-post-category\">Datos \u00datiles<\/a>                                <span class=\"td-post-date\"><time class=\"entry-date updated td-module-date\" datetime=\"2026-04-30T08:03:58+00:00\" >30 de abril de 2026<\/time><\/span>                            <\/div>\n        <\/div>\n\n        <\/div>\n\n        \n\t<\/div> <!-- .\/td-block-span12 -->\n\n\t<div class=\"td-block-span12\">\n\n        <div class=\"td_module_6 td_module_wrap td-animation-stack\">\n\n        <div class=\"td-module-thumb\"><a href=\"https:\/\/argentinatermal.com.ar\/?p=19850\" rel=\"bookmark\" title=\"Testimonio. Marielle ha convertido los tratamientos de spa en su ritual post-c\u00e1ncer: \u00abEsta medicina alternativa se recarga despu\u00e9s de los tratamientos\u00bb\"><img decoding=\"async\" width=\"100\" height=\"70\" class=\"entry-thumb\" src=\"https:\/\/argentinatermal.com.ar\/wp-content\/uploads\/2026\/04\/2a16f236-4f66-054d-51eb-234e5be89c25-100x70.jpg\" srcset=\"https:\/\/argentinatermal.com.ar\/wp-content\/uploads\/2026\/04\/2a16f236-4f66-054d-51eb-234e5be89c25-100x70.jpg 100w, https:\/\/argentinatermal.com.ar\/wp-content\/uploads\/2026\/04\/2a16f236-4f66-054d-51eb-234e5be89c25-218x150.jpg 218w\" sizes=\"(max-width: 100px) 100vw, 100px\" alt=\"\" title=\"Testimonio. Marielle ha convertido los tratamientos de spa en su ritual post-c\u00e1ncer: \u00abEsta medicina alternativa se recarga despu\u00e9s de los tratamientos\u00bb\"\/><\/a><\/div>\n        <div class=\"item-details\">\n            <h3 class=\"entry-title td-module-title\"><a href=\"https:\/\/argentinatermal.com.ar\/?p=19850\" rel=\"bookmark\" title=\"Testimonio. Marielle ha convertido los tratamientos de spa en su ritual post-c\u00e1ncer: \u00abEsta medicina alternativa se recarga despu\u00e9s de los tratamientos\u00bb\">Testimonio. Marielle ha convertido los tratamientos de spa en su ritual...<\/a><\/h3>            <div class=\"td-module-meta-info\">\n                <a href=\"https:\/\/argentinatermal.com.ar\/?cat=12\" class=\"td-post-category\">Internacionales<\/a>                                <span class=\"td-post-date\"><time class=\"entry-date updated td-module-date\" datetime=\"2026-04-27T18:32:48+00:00\" >27 de abril de 2026<\/time><\/span>                            <\/div>\n        <\/div>\n\n        <\/div>\n\n        \n\t<\/div> <!-- .\/td-block-span12 --><\/div><\/div> <!-- .\/block --><div class=\"td-a-rec td-a-rec-id-sidebar  \"><span class=\"td-adspot-title\">- Publicidad -<\/span><a href=\"https:\/\/www.copahuepatagoniatermal.com.ar\/\" target=\"_blank\"><img decoding=\"async\" class=\"aligncenter\" title=\"\" src=\"https:\/\/argentinatermal.com.ar\/wp-content\/uploads\/2024\/02\/GIF-COPAHUE_FEB24.gif\" alt=\"\" \/><\/a>\r\n\r\n<a href=\"https:\/\/www.termatalia.com\/index.php#intro\" target=\"_blank\"><img decoding=\"async\" class=\"aligncenter\" title=\"\" src=\"https:\/\/argentinatermal.com.ar\/wp-content\/uploads\/2021\/11\/300x250-movil.gif\" alt=\"\" \/><\/a>\r\n\r\n<a href=\"https:\/\/www.facebook.com\/TvsAsesoriasTecnicas\/?fref=ts\" target=\"_blank\"><img decoding=\"async\" class=\"aligncenter\" title=\"\" src=\"http:\/\/argentinatermal.com.ar\/wp-content\/uploads\/2017\/08\/tvsasesoriastecnicas.jpg\" alt=\"\" \/><\/a>\r\n\r\n<div class=\"td-all-devices\"><a href=\"http:\/\/nubesmgzdigital.com.ar\/\"\" target=\"_blank\"><img decoding=\"async\" src=\"http:\/\/argentinatermal.com.ar\/wp-content\/uploads\/2017\/04\/banner-de-nubes-para-portada.jpg\"\/><\/a>\r\n\r\n<a href=\"http:\/\/www.tribunatermal.com\/index.html\" target=\"_blank\"><img decoding=\"async\" class=\"aligncenter\" title=\"\" src=\"http:\/\/argentinatermal.com.ar\/wp-content\/uploads\/2018\/12\/tribunatermal.jpg\" alt=\"\" \/><\/a>\r\n\r\n<a href=\"http:\/\/www.grupoepa.net\/\" target=\"_blank\"><img decoding=\"async\" class=\"aligncenter\" title=\"\" src=\"http:\/\/argentinatermal.com.ar\/wp-content\/uploads\/2017\/06\/epa.jpg\" alt=\"\" \/><\/a>\r\n<\/div>[\/vc_column][\/vc_row]<\/p>\n","protected":false},"excerpt":{"rendered":"<p>[vc_row][vc_column width=\u00bb2\/3&#8243;][vc_column_text]Rolando Sanchez[\/vc_column_text][vc_row_inner][vc_column_inner width=\u00bb1\/2&#8243;][\/vc_column_inner][vc_column_inner width=\u00bb1\/2&#8243;][\/vc_column_inner][\/vc_row_inner][vc_row_inner][vc_column_inner][contact-form-7 id=\u00bb2153&#8243;][vc_raw_html]JTNDaDQlMjBjbGFzcyUzRCUyMmJsb2NrLXRpdGxlJTIyJTNFJTNDc3BhbiUzRVNlbmQlMjB1cyUyMGElMjBtZXNzYWdlJTIxJTNDJTJGc3BhbiUzRSUzQyUyRmg0JTNF[\/vc_raw_html][\/vc_column_inner][\/vc_row_inner][vc_row_inner][vc_column_inner][vc_column_text][\/vc_column_text][\/vc_column_inner][\/vc_row_inner][\/vc_column][vc_column width=\u00bb1\/3&#8243;][\/vc_column][\/vc_row]<\/p>\n","protected":false},"author":1,"featured_media":0,"parent":0,"menu_order":0,"comment_status":"open","ping_status":"closed","template":"page-pagebuilder-title.php","meta":{"footnotes":""},"class_list":["post-29","page","type-page","status-publish","hentry"],"_links":{"self":[{"href":"https:\/\/argentinatermal.com.ar\/index.php?rest_route=\/wp\/v2\/pages\/29","targetHints":{"allow":["GET"]}}],"collection":[{"href":"https:\/\/argentinatermal.com.ar\/index.php?rest_route=\/wp\/v2\/pages"}],"about":[{"href":"https:\/\/argentinatermal.com.ar\/index.php?rest_route=\/wp\/v2\/types\/page"}],"author":[{"embeddable":true,"href":"https:\/\/argentinatermal.com.ar\/index.php?rest_route=\/wp\/v2\/users\/1"}],"replies":[{"embeddable":true,"href":"https:\/\/argentinatermal.com.ar\/index.php?rest_route=%2Fwp%2Fv2%2Fcomments&post=29"}],"version-history":[{"count":18,"href":"https:\/\/argentinatermal.com.ar\/index.php?rest_route=\/wp\/v2\/pages\/29\/revisions"}],"predecessor-version":[{"id":2165,"href":"https:\/\/argentinatermal.com.ar\/index.php?rest_route=\/wp\/v2\/pages\/29\/revisions\/2165"}],"wp:attachment":[{"href":"https:\/\/argentinatermal.com.ar\/index.php?rest_route=%2Fwp%2Fv2%2Fmedia&parent=29"}],"curies":[{"name":"wp","href":"https:\/\/api.w.org\/{rel}","templated":true}]}}